{"id":35833,"date":"2026-03-30T08:18:52","date_gmt":"2026-03-30T08:18:52","guid":{"rendered":"https:\/\/votech.com\/?page_id=35833"},"modified":"2026-04-01T07:22:36","modified_gmt":"2026-04-01T07:22:36","slug":"blog-2","status":"publish","type":"page","link":"https:\/\/votech.com\/fr\/blog\/","title":{"rendered":"Blog"},"content":{"rendered":"\t\t<div data-elementor-type=\"wp-page\" data-elementor-id=\"35833\" class=\"elementor elementor-35833 elementor-35820\" data-elementor-post-type=\"page\">\n\t\t\t\t<div class=\"elementor-element elementor-element-f27a10a e-flex e-con-boxed e-con e-parent\" data-id=\"f27a10a\" data-element_type=\"container\" data-e-type=\"container\">\n\t\t\t\t\t<div class=\"e-con-inner\">\n\t\t\t\t<div class=\"elementor-element elementor-element-ffbbde8 elementor-widget elementor-widget-heading\" data-id=\"ffbbde8\" data-element_type=\"widget\" data-e-type=\"widget\" data-widget_type=\"heading.default\">\n\t\t\t\t<div class=\"elementor-widget-container\">\n\t\t\t\t\t<h1 class=\"elementor-heading-title elementor-size-default\">Blog<\/h1>\t\t\t\t<\/div>\n\t\t\t\t<\/div>\n\t\t\t\t<div class=\"elementor-element elementor-element-16e662e elementor-grid-3 elementor-grid-tablet-2 elementor-grid-mobile-1 elementor-posts--thumbnail-top elementor-card-shadow-yes elementor-posts__hover-gradient elementor-widget elementor-widget-posts\" data-id=\"16e662e\" data-element_type=\"widget\" data-e-type=\"widget\" data-settings=\"{&quot;cards_columns&quot;:&quot;3&quot;,&quot;cards_columns_tablet&quot;:&quot;2&quot;,&quot;cards_columns_mobile&quot;:&quot;1&quot;,&quot;cards_row_gap&quot;:{&quot;unit&quot;:&quot;px&quot;,&quot;size&quot;:35,&quot;sizes&quot;:[]},&quot;cards_row_gap_tablet&quot;:{&quot;unit&quot;:&quot;px&quot;,&quot;size&quot;:&quot;&quot;,&quot;sizes&quot;:[]},&quot;cards_row_gap_mobile&quot;:{&quot;unit&quot;:&quot;px&quot;,&quot;size&quot;:&quot;&quot;,&quot;sizes&quot;:[]}}\" data-widget_type=\"posts.cards\">\n\t\t\t\t<div class=\"elementor-widget-container\">\n\t\t\t\t\t\t\t<div class=\"elementor-posts-container elementor-posts elementor-posts--skin-cards elementor-grid\" role=\"list\">\n\t\t\t\t<article class=\"elementor-post elementor-grid-item post-35927 blog type-blog status-publish has-post-thumbnail hentry\" role=\"listitem\">\n\t\t\t<div class=\"elementor-post__card\">\n\t\t\t\t<a class=\"elementor-post__thumbnail__link\" href=\"https:\/\/votech.com\/fr\/blog\/machine-emballage-sacs-composants-disponibilite\/\" tabindex=\"-1\" ><div class=\"elementor-post__thumbnail\"><img fetchpriority=\"high\" decoding=\"async\" width=\"1024\" height=\"536\" src=\"https:\/\/votech.com\/wp-content\/uploads\/2026\/04\/Inpakmachine-voor-zakken-welke-onderdelen-maken-het-verschil-in-uptime-COVER-1024x536.png\" class=\"attachment-medium size-medium wp-image-35971\" alt=\"\" srcset=\"https:\/\/votech.com\/wp-content\/uploads\/2026\/04\/Inpakmachine-voor-zakken-welke-onderdelen-maken-het-verschil-in-uptime-COVER-1024x536.png 1024w, https:\/\/votech.com\/wp-content\/uploads\/2026\/04\/Inpakmachine-voor-zakken-welke-onderdelen-maken-het-verschil-in-uptime-COVER-360x188.png 360w, https:\/\/votech.com\/wp-content\/uploads\/2026\/04\/Inpakmachine-voor-zakken-welke-onderdelen-maken-het-verschil-in-uptime-COVER-640x335.png 640w, https:\/\/votech.com\/wp-content\/uploads\/2026\/04\/Inpakmachine-voor-zakken-welke-onderdelen-maken-het-verschil-in-uptime-COVER.png 1200w\" sizes=\"(max-width: 1024px) 100vw, 1024px\" \/><\/div><\/a>\n\t\t\t\t<div class=\"elementor-post__text\">\n\t\t\t\t<h3 class=\"elementor-post__title\">\n\t\t\t<a href=\"https:\/\/votech.com\/fr\/blog\/machine-emballage-sacs-composants-disponibilite\/\" >\n\t\t\t\tMachine d\u2019emballage de sacs : quels composants font la diff\u00e9rence en mati\u00e8re de disponibilit\u00e9 ?\t\t\t<\/a>\n\t\t<\/h3>\n\t\t\t\t<div class=\"elementor-post__excerpt\">\n\t\t\t<p>Votre ligne de production tourne \u00e0 plein r\u00e9gime pour atteindre les objectifs quotidiens. Soudainement, la ligne d\u2019emballage s\u2019arr\u00eate compl\u00e8tement en raison d\u2019une petite panne inattendue.<\/p>\n\t\t<\/div>\n\t\t\n\t\t<a class=\"elementor-post__read-more\" href=\"https:\/\/votech.com\/fr\/blog\/machine-emballage-sacs-composants-disponibilite\/\" aria-label=\"Read more about Machine d\u2019emballage de sacs : quels composants font la diff\u00e9rence en mati\u00e8re de disponibilit\u00e9 ?\" tabindex=\"-1\" >\n\t\t\tRead More \u00bb\t\t<\/a>\n\n\t\t\t\t<\/div>\n\t\t\t\t<div class=\"elementor-post__meta-data\">\n\t\t\t\t\t<span class=\"elementor-post-date\">\n\t\t\t21 avril 2026\t\t<\/span>\n\t\t\t\t<span class=\"elementor-post-avatar\">\n\t\t\tAucun commentaire\t\t<\/span>\n\t\t\t\t<\/div>\n\t\t\t\t\t<\/div>\n\t\t<\/article>\n\t\t\t\t<article class=\"elementor-post elementor-grid-item post-35922 blog type-blog status-publish has-post-thumbnail hentry\" role=\"listitem\">\n\t\t\t<div class=\"elementor-post__card\">\n\t\t\t\t<a class=\"elementor-post__thumbnail__link\" href=\"https:\/\/votech.com\/fr\/blog\/palettiseuse-roi-heures-travail-dommages\/\" tabindex=\"-1\" ><div class=\"elementor-post__thumbnail\"><img decoding=\"async\" width=\"1024\" height=\"536\" src=\"https:\/\/votech.com\/wp-content\/uploads\/2026\/04\/ROI-berekening-wanneer-verdient-een-palletiseermachine-zich-terug-in-manuren-en-schade-COVER-1024x536.png\" class=\"attachment-medium size-medium wp-image-35975\" alt=\"\" srcset=\"https:\/\/votech.com\/wp-content\/uploads\/2026\/04\/ROI-berekening-wanneer-verdient-een-palletiseermachine-zich-terug-in-manuren-en-schade-COVER-1024x536.png 1024w, https:\/\/votech.com\/wp-content\/uploads\/2026\/04\/ROI-berekening-wanneer-verdient-een-palletiseermachine-zich-terug-in-manuren-en-schade-COVER-360x188.png 360w, https:\/\/votech.com\/wp-content\/uploads\/2026\/04\/ROI-berekening-wanneer-verdient-een-palletiseermachine-zich-terug-in-manuren-en-schade-COVER-640x335.png 640w, https:\/\/votech.com\/wp-content\/uploads\/2026\/04\/ROI-berekening-wanneer-verdient-een-palletiseermachine-zich-terug-in-manuren-en-schade-COVER.png 1200w\" sizes=\"(max-width: 1024px) 100vw, 1024px\" \/><\/div><\/a>\n\t\t\t\t<div class=\"elementor-post__text\">\n\t\t\t\t<h3 class=\"elementor-post__title\">\n\t\t\t<a href=\"https:\/\/votech.com\/fr\/blog\/palettiseuse-roi-heures-travail-dommages\/\" >\n\t\t\t\tCalcul du ROI : quand une palettiseuse se rentabilise-t-elle en heures de travail et en dommages ?\t\t\t<\/a>\n\t\t<\/h3>\n\t\t\t\t<div class=\"elementor-post__excerpt\">\n\t\t\t<p>Empiler manuellement des sacs ou des cartons sur une palette est un travail p\u00e9nible. Cela prend beaucoup de temps et entra\u00eene r\u00e9guli\u00e8rement des erreurs sur<\/p>\n\t\t<\/div>\n\t\t\n\t\t<a class=\"elementor-post__read-more\" href=\"https:\/\/votech.com\/fr\/blog\/palettiseuse-roi-heures-travail-dommages\/\" aria-label=\"Read more about Calcul du ROI : quand une palettiseuse se rentabilise-t-elle en heures de travail et en dommages ?\" tabindex=\"-1\" >\n\t\t\tRead More \u00bb\t\t<\/a>\n\n\t\t\t\t<\/div>\n\t\t\t\t<div class=\"elementor-post__meta-data\">\n\t\t\t\t\t<span class=\"elementor-post-date\">\n\t\t\t20 avril 2026\t\t<\/span>\n\t\t\t\t<span class=\"elementor-post-avatar\">\n\t\t\tAucun commentaire\t\t<\/span>\n\t\t\t\t<\/div>\n\t\t\t\t\t<\/div>\n\t\t<\/article>\n\t\t\t\t<article class=\"elementor-post elementor-grid-item post-35916 blog type-blog status-publish has-post-thumbnail hentry\" role=\"listitem\">\n\t\t\t<div class=\"elementor-post__card\">\n\t\t\t\t<a class=\"elementor-post__thumbnail__link\" href=\"https:\/\/votech.com\/fr\/blog\/systemes-transport-fin-de-ligne-convoyeurs-transporteurs-rouleaux\/\" tabindex=\"-1\" ><div class=\"elementor-post__thumbnail\"><img decoding=\"async\" width=\"1024\" height=\"536\" src=\"https:\/\/votech.com\/wp-content\/uploads\/2026\/04\/Transportsystemen-in-end-of-line-COVER-1024x536.png\" class=\"attachment-medium size-medium wp-image-35983\" alt=\"\" srcset=\"https:\/\/votech.com\/wp-content\/uploads\/2026\/04\/Transportsystemen-in-end-of-line-COVER-1024x536.png 1024w, https:\/\/votech.com\/wp-content\/uploads\/2026\/04\/Transportsystemen-in-end-of-line-COVER-360x188.png 360w, https:\/\/votech.com\/wp-content\/uploads\/2026\/04\/Transportsystemen-in-end-of-line-COVER-640x335.png 640w, https:\/\/votech.com\/wp-content\/uploads\/2026\/04\/Transportsystemen-in-end-of-line-COVER.png 1200w\" sizes=\"(max-width: 1024px) 100vw, 1024px\" \/><\/div><\/a>\n\t\t\t\t<div class=\"elementor-post__text\">\n\t\t\t\t<h3 class=\"elementor-post__title\">\n\t\t\t<a href=\"https:\/\/votech.com\/fr\/blog\/systemes-transport-fin-de-ligne-convoyeurs-transporteurs-rouleaux\/\" >\n\t\t\t\tSyst\u00e8mes de transport en fin de ligne : choisir les convoyeurs et les transporteurs \u00e0 rouleaux pour sacs et palettes\t\t\t<\/a>\n\t\t<\/h3>\n\t\t\t\t<div class=\"elementor-post__excerpt\">\n\t\t\t<p>Votre ligne d\u2019emballage tourne \u00e0 plein r\u00e9gime, mais un embouteillage se forme \u00e0 la sortie. Les sacs ou les palettes s\u2019accumulent, ce qui ralentit consid\u00e9rablement<\/p>\n\t\t<\/div>\n\t\t\n\t\t<a class=\"elementor-post__read-more\" href=\"https:\/\/votech.com\/fr\/blog\/systemes-transport-fin-de-ligne-convoyeurs-transporteurs-rouleaux\/\" aria-label=\"Read more about Syst\u00e8mes de transport en fin de ligne : choisir les convoyeurs et les transporteurs \u00e0 rouleaux pour sacs et palettes\" tabindex=\"-1\" >\n\t\t\tRead More \u00bb\t\t<\/a>\n\n\t\t\t\t<\/div>\n\t\t\t\t<div class=\"elementor-post__meta-data\">\n\t\t\t\t\t<span class=\"elementor-post-date\">\n\t\t\t17 avril 2026\t\t<\/span>\n\t\t\t\t<span class=\"elementor-post-avatar\">\n\t\t\tAucun commentaire\t\t<\/span>\n\t\t\t\t<\/div>\n\t\t\t\t\t<\/div>\n\t\t<\/article>\n\t\t\t\t<article class=\"elementor-post elementor-grid-item post-35912 blog type-blog status-publish has-post-thumbnail hentry\" role=\"listitem\">\n\t\t\t<div class=\"elementor-post__card\">\n\t\t\t\t<a class=\"elementor-post__thumbnail__link\" href=\"https:\/\/votech.com\/fr\/blog\/top-10-causes-palettes-instables\/\" tabindex=\"-1\" ><div class=\"elementor-post__thumbnail\"><img loading=\"lazy\" decoding=\"async\" width=\"1024\" height=\"536\" src=\"https:\/\/votech.com\/wp-content\/uploads\/2026\/04\/Top-10-oorzaken-van-instabiele-pallets-COVER-1024x536.png\" class=\"attachment-medium size-medium wp-image-35978\" alt=\"\" srcset=\"https:\/\/votech.com\/wp-content\/uploads\/2026\/04\/Top-10-oorzaken-van-instabiele-pallets-COVER-1024x536.png 1024w, https:\/\/votech.com\/wp-content\/uploads\/2026\/04\/Top-10-oorzaken-van-instabiele-pallets-COVER-360x188.png 360w, https:\/\/votech.com\/wp-content\/uploads\/2026\/04\/Top-10-oorzaken-van-instabiele-pallets-COVER-640x335.png 640w, https:\/\/votech.com\/wp-content\/uploads\/2026\/04\/Top-10-oorzaken-van-instabiele-pallets-COVER.png 1200w\" sizes=\"(max-width: 1024px) 100vw, 1024px\" \/><\/div><\/a>\n\t\t\t\t<div class=\"elementor-post__text\">\n\t\t\t\t<h3 class=\"elementor-post__title\">\n\t\t\t<a href=\"https:\/\/votech.com\/fr\/blog\/top-10-causes-palettes-instables\/\" >\n\t\t\t\tTop 10 des causes de palettes instables (et comment une palettiseuse les pr\u00e9vient)\t\t\t<\/a>\n\t\t<\/h3>\n\t\t\t\t<div class=\"elementor-post__excerpt\">\n\t\t\t<p>Vous connaissez \u00e7a. Un chauffeur de camion ouvre les portes et le chargement est \u00e9parpill\u00e9 dans tout le v\u00e9hicule. Des produits endommag\u00e9s, des retards et<\/p>\n\t\t<\/div>\n\t\t\n\t\t<a class=\"elementor-post__read-more\" href=\"https:\/\/votech.com\/fr\/blog\/top-10-causes-palettes-instables\/\" aria-label=\"Read more about Top 10 des causes de palettes instables (et comment une palettiseuse les pr\u00e9vient)\" tabindex=\"-1\" >\n\t\t\tRead More \u00bb\t\t<\/a>\n\n\t\t\t\t<\/div>\n\t\t\t\t<div class=\"elementor-post__meta-data\">\n\t\t\t\t\t<span class=\"elementor-post-date\">\n\t\t\t16 avril 2026\t\t<\/span>\n\t\t\t\t<span class=\"elementor-post-avatar\">\n\t\t\tAucun commentaire\t\t<\/span>\n\t\t\t\t<\/div>\n\t\t\t\t\t<\/div>\n\t\t<\/article>\n\t\t\t\t<article class=\"elementor-post elementor-grid-item post-35901 blog type-blog status-publish has-post-thumbnail hentry\" role=\"listitem\">\n\t\t\t<div class=\"elementor-post__card\">\n\t\t\t\t<a class=\"elementor-post__thumbnail__link\" href=\"https:\/\/votech.com\/fr\/blog\/comparaison-palettiseuses-robot-vs-conventionnel\/\" tabindex=\"-1\" ><div class=\"elementor-post__thumbnail\"><img loading=\"lazy\" decoding=\"async\" width=\"1024\" height=\"536\" src=\"https:\/\/votech.com\/wp-content\/uploads\/2026\/04\/Comparing-palletizing-machines-1-1024x536.png\" class=\"attachment-medium size-medium wp-image-36046\" alt=\"\" srcset=\"https:\/\/votech.com\/wp-content\/uploads\/2026\/04\/Comparing-palletizing-machines-1-1024x536.png 1024w, https:\/\/votech.com\/wp-content\/uploads\/2026\/04\/Comparing-palletizing-machines-1-360x188.png 360w, https:\/\/votech.com\/wp-content\/uploads\/2026\/04\/Comparing-palletizing-machines-1-640x335.png 640w, https:\/\/votech.com\/wp-content\/uploads\/2026\/04\/Comparing-palletizing-machines-1.png 1200w\" sizes=\"(max-width: 1024px) 100vw, 1024px\" \/><\/div><\/a>\n\t\t\t\t<div class=\"elementor-post__text\">\n\t\t\t\t<h3 class=\"elementor-post__title\">\n\t\t\t<a href=\"https:\/\/votech.com\/fr\/blog\/comparaison-palettiseuses-robot-vs-conventionnel\/\" >\n\t\t\t\tComparaison de palettiseuses : conventionnel vs palettisation robotis\u00e9e pour sacs de 5 \u00e0 50 kg\t\t\t<\/a>\n\t\t<\/h3>\n\t\t\t\t<div class=\"elementor-post__excerpt\">\n\t\t\t<p>Votre ligne de production tourne \u00e0 plein r\u00e9gime, mais un goulot d\u2019\u00e9tranglement important se forme \u00e0 la sortie. Empiler manuellement des sacs de 25 kg<\/p>\n\t\t<\/div>\n\t\t\n\t\t<a class=\"elementor-post__read-more\" href=\"https:\/\/votech.com\/fr\/blog\/comparaison-palettiseuses-robot-vs-conventionnel\/\" aria-label=\"Read more about Comparaison de palettiseuses : conventionnel vs palettisation robotis\u00e9e pour sacs de 5 \u00e0 50 kg\" tabindex=\"-1\" >\n\t\t\tRead More \u00bb\t\t<\/a>\n\n\t\t\t\t<\/div>\n\t\t\t\t<div class=\"elementor-post__meta-data\">\n\t\t\t\t\t<span class=\"elementor-post-date\">\n\t\t\t15 avril 2026\t\t<\/span>\n\t\t\t\t<span class=\"elementor-post-avatar\">\n\t\t\tAucun commentaire\t\t<\/span>\n\t\t\t\t<\/div>\n\t\t\t\t\t<\/div>\n\t\t<\/article>\n\t\t\t\t<article class=\"elementor-post elementor-grid-item post-35814 blog type-blog status-publish has-post-thumbnail hentry\" role=\"listitem\">\n\t\t\t<div class=\"elementor-post__card\">\n\t\t\t\t<a class=\"elementor-post__thumbnail__link\" href=\"https:\/\/votech.com\/fr\/blog\/palettiseur-sacs-capacite-disposition\/\" tabindex=\"-1\" ><div class=\"elementor-post__thumbnail\"><img loading=\"lazy\" decoding=\"async\" width=\"1024\" height=\"536\" src=\"https:\/\/votech.com\/wp-content\/uploads\/2026\/03\/Cover-1024x536.png\" class=\"attachment-medium size-medium wp-image-35813\" alt=\"\" srcset=\"https:\/\/votech.com\/wp-content\/uploads\/2026\/03\/Cover-1024x536.png 1024w, https:\/\/votech.com\/wp-content\/uploads\/2026\/03\/Cover-360x188.png 360w, https:\/\/votech.com\/wp-content\/uploads\/2026\/03\/Cover-640x335.png 640w, https:\/\/votech.com\/wp-content\/uploads\/2026\/03\/Cover.png 1200w\" sizes=\"(max-width: 1024px) 100vw, 1024px\" \/><\/div><\/a>\n\t\t\t\t<div class=\"elementor-post__text\">\n\t\t\t\t<h3 class=\"elementor-post__title\">\n\t\t\t<a href=\"https:\/\/votech.com\/fr\/blog\/palettiseur-sacs-capacite-disposition\/\" >\n\t\t\t\tComment choisir la bonne palettiseuse pour sacs : capacit\u00e9, disposition et stabilit\u00e9 du produit\t\t\t<\/a>\n\t\t<\/h3>\n\t\t\t\t<div class=\"elementor-post__excerpt\">\n\t\t\t<p>Votre ligne de production tourne \u00e0 plein r\u00e9gime, mais un goulot d\u2019\u00e9tranglement important se forme \u00e0 la sortie. L\u2019empilage manuel de sacs lourds prend beaucoup<\/p>\n\t\t<\/div>\n\t\t\n\t\t<a class=\"elementor-post__read-more\" href=\"https:\/\/votech.com\/fr\/blog\/palettiseur-sacs-capacite-disposition\/\" aria-label=\"Read more about Comment choisir la bonne palettiseuse pour sacs : capacit\u00e9, disposition et stabilit\u00e9 du produit\" tabindex=\"-1\" >\n\t\t\tRead More \u00bb\t\t<\/a>\n\n\t\t\t\t<\/div>\n\t\t\t\t<div class=\"elementor-post__meta-data\">\n\t\t\t\t\t<span class=\"elementor-post-date\">\n\t\t\t19 mars 2026\t\t<\/span>\n\t\t\t\t<span class=\"elementor-post-avatar\">\n\t\t\tAucun commentaire\t\t<\/span>\n\t\t\t\t<\/div>\n\t\t\t\t\t<\/div>\n\t\t<\/article>\n\t\t\t\t<\/div>\n\t\t\n\t\t\t\t\t\t<\/div>\n\t\t\t\t<\/div>\n\t\t\t\t\t<\/div>\n\t\t\t\t<\/div>\n\t\t<div class=\"elementor-element elementor-element-5767e04 e-flex e-con-boxed e-con e-parent\" data-id=\"5767e04\" data-element_type=\"container\" data-e-type=\"container\">\n\t\t\t\t\t<div class=\"e-con-inner\">\n\t\t\t\t<div class=\"elementor-element elementor-element-103c816 elementor-widget elementor-widget-spacer\" data-id=\"103c816\" data-element_type=\"widget\" data-e-type=\"widget\" data-widget_type=\"spacer.default\">\n\t\t\t\t<div class=\"elementor-widget-container\">\n\t\t\t\t\t\t\t<div class=\"elementor-spacer\">\n\t\t\t<div class=\"elementor-spacer-inner\"><\/div>\n\t\t<\/div>\n\t\t\t\t\t\t<\/div>\n\t\t\t\t<\/div>\n\t\t\t\t\t<\/div>\n\t\t\t\t<\/div>\n\t\t\t\t<\/div>\n\t\t","protected":false},"excerpt":{"rendered":"<p>Blog<\/p>\n","protected":false},"author":9,"featured_media":0,"parent":0,"menu_order":2,"comment_status":"closed","ping_status":"closed","template":"elementor_header_footer","meta":{"_acf_changed":false,"inline_featured_image":false,"footnotes":""},"class_list":["post-35833","page","type-page","status-publish","hentry"],"acf":[],"yoast_head":"<!-- This site is optimized with the Yoast SEO plugin v27.3 - https:\/\/yoast.com\/product\/yoast-seo-wordpress\/ -->\n<title>Blog | Votech<\/title>\n<meta name=\"robots\" content=\"index, follow, max-snippet:-1, max-image-preview:large, max-video-preview:-1\" \/>\n<link rel=\"canonical\" href=\"https:\/\/votech.com\/fr\/blog\/\" \/>\n<meta property=\"og:locale\" content=\"fr_FR\" \/>\n<meta property=\"og:type\" content=\"article\" \/>\n<meta property=\"og:title\" content=\"Blog | Votech\" \/>\n<meta property=\"og:description\" content=\"Blog\" \/>\n<meta property=\"og:url\" content=\"https:\/\/votech.com\/fr\/blog\/\" \/>\n<meta property=\"og:site_name\" content=\"Votech\" \/>\n<meta property=\"article:modified_time\" content=\"2026-04-01T07:22:36+00:00\" \/>\n<meta name=\"twitter:card\" content=\"summary_large_image\" \/>\n<meta name=\"twitter:label1\" content=\"Dur\u00e9e de lecture estim\u00e9e\" \/>\n\t<meta name=\"twitter:data1\" content=\"1 minute\" \/>\n<script type=\"application\/ld+json\" class=\"yoast-schema-graph\">{\"@context\":\"https:\\\/\\\/schema.org\",\"@graph\":[{\"@type\":\"WebPage\",\"@id\":\"https:\\\/\\\/votech.com\\\/fr\\\/blog\\\/\",\"url\":\"https:\\\/\\\/votech.com\\\/fr\\\/blog\\\/\",\"name\":\"Blog | Votech\",\"isPartOf\":{\"@id\":\"https:\\\/\\\/votech.com\\\/fr\\\/#website\"},\"datePublished\":\"2026-03-30T08:18:52+00:00\",\"dateModified\":\"2026-04-01T07:22:36+00:00\",\"breadcrumb\":{\"@id\":\"https:\\\/\\\/votech.com\\\/fr\\\/blog\\\/#breadcrumb\"},\"inLanguage\":\"fr-FR\",\"potentialAction\":[{\"@type\":\"ReadAction\",\"target\":[\"https:\\\/\\\/votech.com\\\/fr\\\/blog\\\/\"]}]},{\"@type\":\"BreadcrumbList\",\"@id\":\"https:\\\/\\\/votech.com\\\/fr\\\/blog\\\/#breadcrumb\",\"itemListElement\":[{\"@type\":\"ListItem\",\"position\":1,\"name\":\"Home\",\"item\":\"https:\\\/\\\/votech.com\\\/fr\\\/\"},{\"@type\":\"ListItem\",\"position\":2,\"name\":\"Blog\"}]},{\"@type\":\"WebSite\",\"@id\":\"https:\\\/\\\/votech.com\\\/fr\\\/#website\",\"url\":\"https:\\\/\\\/votech.com\\\/fr\\\/\",\"name\":\"Votech\",\"description\":\"A Duravant company\",\"potentialAction\":[{\"@type\":\"SearchAction\",\"target\":{\"@type\":\"EntryPoint\",\"urlTemplate\":\"https:\\\/\\\/votech.com\\\/fr\\\/?s={search_term_string}\"},\"query-input\":{\"@type\":\"PropertyValueSpecification\",\"valueRequired\":true,\"valueName\":\"search_term_string\"}}],\"inLanguage\":\"fr-FR\"}]}<\/script>\n<!-- \/ Yoast SEO plugin. -->","yoast_head_json":{"title":"Blog | Votech","robots":{"index":"index","follow":"follow","max-snippet":"max-snippet:-1","max-image-preview":"max-image-preview:large","max-video-preview":"max-video-preview:-1"},"canonical":"https:\/\/votech.com\/fr\/blog\/","og_locale":"fr_FR","og_type":"article","og_title":"Blog | Votech","og_description":"Blog","og_url":"https:\/\/votech.com\/fr\/blog\/","og_site_name":"Votech","article_modified_time":"2026-04-01T07:22:36+00:00","twitter_card":"summary_large_image","twitter_misc":{"Dur\u00e9e de lecture estim\u00e9e":"1 minute"},"schema":{"@context":"https:\/\/schema.org","@graph":[{"@type":"WebPage","@id":"https:\/\/votech.com\/fr\/blog\/","url":"https:\/\/votech.com\/fr\/blog\/","name":"Blog | Votech","isPartOf":{"@id":"https:\/\/votech.com\/fr\/#website"},"datePublished":"2026-03-30T08:18:52+00:00","dateModified":"2026-04-01T07:22:36+00:00","breadcrumb":{"@id":"https:\/\/votech.com\/fr\/blog\/#breadcrumb"},"inLanguage":"fr-FR","potentialAction":[{"@type":"ReadAction","target":["https:\/\/votech.com\/fr\/blog\/"]}]},{"@type":"BreadcrumbList","@id":"https:\/\/votech.com\/fr\/blog\/#breadcrumb","itemListElement":[{"@type":"ListItem","position":1,"name":"Home","item":"https:\/\/votech.com\/fr\/"},{"@type":"ListItem","position":2,"name":"Blog"}]},{"@type":"WebSite","@id":"https:\/\/votech.com\/fr\/#website","url":"https:\/\/votech.com\/fr\/","name":"Votech","description":"A Duravant company","potentialAction":[{"@type":"SearchAction","target":{"@type":"EntryPoint","urlTemplate":"https:\/\/votech.com\/fr\/?s={search_term_string}"},"query-input":{"@type":"PropertyValueSpecification","valueRequired":true,"valueName":"search_term_string"}}],"inLanguage":"fr-FR"}]}},"_links":{"self":[{"href":"https:\/\/votech.com\/fr\/wp-json\/wp\/v2\/pages\/35833","targetHints":{"allow":["GET"]}}],"collection":[{"href":"https:\/\/votech.com\/fr\/wp-json\/wp\/v2\/pages"}],"about":[{"href":"https:\/\/votech.com\/fr\/wp-json\/wp\/v2\/types\/page"}],"author":[{"embeddable":true,"href":"https:\/\/votech.com\/fr\/wp-json\/wp\/v2\/users\/9"}],"replies":[{"embeddable":true,"href":"https:\/\/votech.com\/fr\/wp-json\/wp\/v2\/comments?post=35833"}],"version-history":[{"count":5,"href":"https:\/\/votech.com\/fr\/wp-json\/wp\/v2\/pages\/35833\/revisions"}],"predecessor-version":[{"id":35881,"href":"https:\/\/votech.com\/fr\/wp-json\/wp\/v2\/pages\/35833\/revisions\/35881"}],"wp:attachment":[{"href":"https:\/\/votech.com\/fr\/wp-json\/wp\/v2\/media?parent=35833"}],"curies":[{"name":"wp","href":"https:\/\/api.w.org\/{rel}","templated":true}]}}