{"id":2347,"date":"2022-07-06T16:36:07","date_gmt":"2022-07-06T16:36:07","guid":{"rendered":"https:\/\/votech.com\/industries\/milk-powder\/"},"modified":"2026-01-30T11:24:24","modified_gmt":"2026-01-30T11:24:24","slug":"milk-powder","status":"publish","type":"page","link":"https:\/\/votech.com\/fr\/industries\/lait-en-poudre\/","title":{"rendered":"Poudres"},"content":{"rendered":"","protected":false},"excerpt":{"rendered":"","protected":false},"author":7,"featured_media":0,"parent":2300,"menu_order":258,"comment_status":"closed","ping_status":"closed","template":"","meta":{"_acf_changed":false,"inline_featured_image":false,"footnotes":""},"class_list":["post-2347","page","type-page","status-publish","hentry"],"acf":[],"yoast_head":"<!-- This site is optimized with the Yoast SEO plugin v27.3 - https:\/\/yoast.com\/product\/yoast-seo-wordpress\/ -->\n<title>Votech | Lait en poudre \u2013 Remplissage &amp; conditionnement<\/title>\n<meta name=\"description\" content=\"Explorez les solutions Votech pour le lait en poudre : remplissage pr\u00e9cis, fermeture anti-poussi\u00e8re et syst\u00e8mes personnalis\u00e9s pour poudres et lait infantile.\" \/>\n<meta name=\"robots\" content=\"index, follow, max-snippet:-1, max-image-preview:large, max-video-preview:-1\" \/>\n<link rel=\"canonical\" href=\"https:\/\/votech.com\/fr\/industries\/lait-en-poudre\/\" \/>\n<meta property=\"og:locale\" content=\"fr_FR\" \/>\n<meta property=\"og:type\" content=\"article\" \/>\n<meta property=\"og:title\" content=\"Votech | Lait en poudre \u2013 Remplissage &amp; conditionnement\" \/>\n<meta property=\"og:description\" content=\"Explorez les solutions Votech pour le lait en poudre : remplissage pr\u00e9cis, fermeture anti-poussi\u00e8re et syst\u00e8mes personnalis\u00e9s pour poudres et lait infantile.\" \/>\n<meta property=\"og:url\" content=\"https:\/\/votech.com\/fr\/industries\/lait-en-poudre\/\" \/>\n<meta property=\"og:site_name\" content=\"Votech\" \/>\n<meta property=\"article:modified_time\" content=\"2026-01-30T11:24:24+00:00\" \/>\n<meta name=\"twitter:card\" content=\"summary_large_image\" \/>\n<script type=\"application\/ld+json\" class=\"yoast-schema-graph\">{\"@context\":\"https:\\\/\\\/schema.org\",\"@graph\":[{\"@type\":\"WebPage\",\"@id\":\"https:\\\/\\\/votech.com\\\/fr\\\/industries\\\/lait-en-poudre\\\/\",\"url\":\"https:\\\/\\\/votech.com\\\/fr\\\/industries\\\/lait-en-poudre\\\/\",\"name\":\"Votech | Lait en poudre \u2013 Remplissage & conditionnement\",\"isPartOf\":{\"@id\":\"https:\\\/\\\/votech.com\\\/fr\\\/#website\"},\"datePublished\":\"2022-07-06T16:36:07+00:00\",\"dateModified\":\"2026-01-30T11:24:24+00:00\",\"description\":\"Explorez les solutions Votech pour le lait en poudre : remplissage pr\u00e9cis, fermeture anti-poussi\u00e8re et syst\u00e8mes personnalis\u00e9s pour poudres et lait infantile.\",\"breadcrumb\":{\"@id\":\"https:\\\/\\\/votech.com\\\/fr\\\/industries\\\/lait-en-poudre\\\/#breadcrumb\"},\"inLanguage\":\"fr-FR\",\"potentialAction\":[{\"@type\":\"ReadAction\",\"target\":[\"https:\\\/\\\/votech.com\\\/fr\\\/industries\\\/lait-en-poudre\\\/\"]}]},{\"@type\":\"BreadcrumbList\",\"@id\":\"https:\\\/\\\/votech.com\\\/fr\\\/industries\\\/lait-en-poudre\\\/#breadcrumb\",\"itemListElement\":[{\"@type\":\"ListItem\",\"position\":1,\"name\":\"Home\",\"item\":\"https:\\\/\\\/votech.com\\\/fr\\\/\"},{\"@type\":\"ListItem\",\"position\":2,\"name\":\"Les industries\",\"item\":\"https:\\\/\\\/votech.com\\\/fr\\\/les-industries\\\/\"},{\"@type\":\"ListItem\",\"position\":3,\"name\":\"Poudres\"}]},{\"@type\":\"WebSite\",\"@id\":\"https:\\\/\\\/votech.com\\\/fr\\\/#website\",\"url\":\"https:\\\/\\\/votech.com\\\/fr\\\/\",\"name\":\"Votech\",\"description\":\"A Duravant company\",\"potentialAction\":[{\"@type\":\"SearchAction\",\"target\":{\"@type\":\"EntryPoint\",\"urlTemplate\":\"https:\\\/\\\/votech.com\\\/fr\\\/?s={search_term_string}\"},\"query-input\":{\"@type\":\"PropertyValueSpecification\",\"valueRequired\":true,\"valueName\":\"search_term_string\"}}],\"inLanguage\":\"fr-FR\"}]}<\/script>\n<!-- \/ Yoast SEO plugin. -->","yoast_head_json":{"title":"Votech | Lait en poudre \u2013 Remplissage & conditionnement","description":"Explorez les solutions Votech pour le lait en poudre : remplissage pr\u00e9cis, fermeture anti-poussi\u00e8re et syst\u00e8mes personnalis\u00e9s pour poudres et lait infantile.","robots":{"index":"index","follow":"follow","max-snippet":"max-snippet:-1","max-image-preview":"max-image-preview:large","max-video-preview":"max-video-preview:-1"},"canonical":"https:\/\/votech.com\/fr\/industries\/lait-en-poudre\/","og_locale":"fr_FR","og_type":"article","og_title":"Votech | Lait en poudre \u2013 Remplissage & conditionnement","og_description":"Explorez les solutions Votech pour le lait en poudre : remplissage pr\u00e9cis, fermeture anti-poussi\u00e8re et syst\u00e8mes personnalis\u00e9s pour poudres et lait infantile.","og_url":"https:\/\/votech.com\/fr\/industries\/lait-en-poudre\/","og_site_name":"Votech","article_modified_time":"2026-01-30T11:24:24+00:00","twitter_card":"summary_large_image","schema":{"@context":"https:\/\/schema.org","@graph":[{"@type":"WebPage","@id":"https:\/\/votech.com\/fr\/industries\/lait-en-poudre\/","url":"https:\/\/votech.com\/fr\/industries\/lait-en-poudre\/","name":"Votech | Lait en poudre \u2013 Remplissage & conditionnement","isPartOf":{"@id":"https:\/\/votech.com\/fr\/#website"},"datePublished":"2022-07-06T16:36:07+00:00","dateModified":"2026-01-30T11:24:24+00:00","description":"Explorez les solutions Votech pour le lait en poudre : remplissage pr\u00e9cis, fermeture anti-poussi\u00e8re et syst\u00e8mes personnalis\u00e9s pour poudres et lait infantile.","breadcrumb":{"@id":"https:\/\/votech.com\/fr\/industries\/lait-en-poudre\/#breadcrumb"},"inLanguage":"fr-FR","potentialAction":[{"@type":"ReadAction","target":["https:\/\/votech.com\/fr\/industries\/lait-en-poudre\/"]}]},{"@type":"BreadcrumbList","@id":"https:\/\/votech.com\/fr\/industries\/lait-en-poudre\/#breadcrumb","itemListElement":[{"@type":"ListItem","position":1,"name":"Home","item":"https:\/\/votech.com\/fr\/"},{"@type":"ListItem","position":2,"name":"Les industries","item":"https:\/\/votech.com\/fr\/les-industries\/"},{"@type":"ListItem","position":3,"name":"Poudres"}]},{"@type":"WebSite","@id":"https:\/\/votech.com\/fr\/#website","url":"https:\/\/votech.com\/fr\/","name":"Votech","description":"A Duravant company","potentialAction":[{"@type":"SearchAction","target":{"@type":"EntryPoint","urlTemplate":"https:\/\/votech.com\/fr\/?s={search_term_string}"},"query-input":{"@type":"PropertyValueSpecification","valueRequired":true,"valueName":"search_term_string"}}],"inLanguage":"fr-FR"}]}},"_links":{"self":[{"href":"https:\/\/votech.com\/fr\/wp-json\/wp\/v2\/pages\/2347","targetHints":{"allow":["GET"]}}],"collection":[{"href":"https:\/\/votech.com\/fr\/wp-json\/wp\/v2\/pages"}],"about":[{"href":"https:\/\/votech.com\/fr\/wp-json\/wp\/v2\/types\/page"}],"author":[{"embeddable":true,"href":"https:\/\/votech.com\/fr\/wp-json\/wp\/v2\/users\/7"}],"replies":[{"embeddable":true,"href":"https:\/\/votech.com\/fr\/wp-json\/wp\/v2\/comments?post=2347"}],"version-history":[{"count":5,"href":"https:\/\/votech.com\/fr\/wp-json\/wp\/v2\/pages\/2347\/revisions"}],"predecessor-version":[{"id":34797,"href":"https:\/\/votech.com\/fr\/wp-json\/wp\/v2\/pages\/2347\/revisions\/34797"}],"up":[{"embeddable":true,"href":"https:\/\/votech.com\/fr\/wp-json\/wp\/v2\/pages\/2300"}],"wp:attachment":[{"href":"https:\/\/votech.com\/fr\/wp-json\/wp\/v2\/media?parent=2347"}],"curies":[{"name":"wp","href":"https:\/\/api.w.org\/{rel}","templated":true}]}}