{"id":35835,"date":"2026-03-30T08:18:52","date_gmt":"2026-03-30T08:18:52","guid":{"rendered":"https:\/\/votech.com\/?page_id=35835"},"modified":"2026-04-01T07:23:39","modified_gmt":"2026-04-01T07:23:39","slug":"blog-2","status":"publish","type":"page","link":"https:\/\/votech.com\/de\/blog\/","title":{"rendered":"Blog"},"content":{"rendered":"\t\t<div data-elementor-type=\"wp-page\" data-elementor-id=\"35835\" class=\"elementor elementor-35835 elementor-35820\" data-elementor-post-type=\"page\">\n\t\t\t\t<div class=\"elementor-element elementor-element-f27a10a e-flex e-con-boxed e-con e-parent\" data-id=\"f27a10a\" data-element_type=\"container\" data-e-type=\"container\">\n\t\t\t\t\t<div class=\"e-con-inner\">\n\t\t\t\t<div class=\"elementor-element elementor-element-ffbbde8 elementor-widget elementor-widget-heading\" data-id=\"ffbbde8\" data-element_type=\"widget\" data-e-type=\"widget\" data-widget_type=\"heading.default\">\n\t\t\t\t<div class=\"elementor-widget-container\">\n\t\t\t\t\t<h1 class=\"elementor-heading-title elementor-size-default\">Blog<\/h1>\t\t\t\t<\/div>\n\t\t\t\t<\/div>\n\t\t\t\t<div class=\"elementor-element elementor-element-16e662e elementor-grid-3 elementor-grid-tablet-2 elementor-grid-mobile-1 elementor-posts--thumbnail-top elementor-card-shadow-yes elementor-posts__hover-gradient elementor-widget elementor-widget-posts\" data-id=\"16e662e\" data-element_type=\"widget\" data-e-type=\"widget\" data-settings=\"{&quot;cards_columns&quot;:&quot;3&quot;,&quot;cards_columns_tablet&quot;:&quot;2&quot;,&quot;cards_columns_mobile&quot;:&quot;1&quot;,&quot;cards_row_gap&quot;:{&quot;unit&quot;:&quot;px&quot;,&quot;size&quot;:35,&quot;sizes&quot;:[]},&quot;cards_row_gap_tablet&quot;:{&quot;unit&quot;:&quot;px&quot;,&quot;size&quot;:&quot;&quot;,&quot;sizes&quot;:[]},&quot;cards_row_gap_mobile&quot;:{&quot;unit&quot;:&quot;px&quot;,&quot;size&quot;:&quot;&quot;,&quot;sizes&quot;:[]}}\" data-widget_type=\"posts.cards\">\n\t\t\t\t<div class=\"elementor-widget-container\">\n\t\t\t\t\t\t\t<div class=\"elementor-posts-container elementor-posts elementor-posts--skin-cards elementor-grid\" role=\"list\">\n\t\t\t\t<article class=\"elementor-post elementor-grid-item post-35816 blog type-blog status-publish has-post-thumbnail hentry\" role=\"listitem\">\n\t\t\t<div class=\"elementor-post__card\">\n\t\t\t\t<a class=\"elementor-post__thumbnail__link\" href=\"https:\/\/votech.com\/de\/blog\/sackpalettierer-kapazitaet-layout\/\" tabindex=\"-1\" ><div class=\"elementor-post__thumbnail\"><img fetchpriority=\"high\" decoding=\"async\" width=\"1024\" height=\"536\" src=\"https:\/\/votech.com\/wp-content\/uploads\/2026\/03\/Cover-1024x536.png\" class=\"attachment-medium size-medium wp-image-35815\" alt=\"\" srcset=\"https:\/\/votech.com\/wp-content\/uploads\/2026\/03\/Cover-1024x536.png 1024w, https:\/\/votech.com\/wp-content\/uploads\/2026\/03\/Cover-360x188.png 360w, https:\/\/votech.com\/wp-content\/uploads\/2026\/03\/Cover-640x335.png 640w, https:\/\/votech.com\/wp-content\/uploads\/2026\/03\/Cover.png 1200w\" sizes=\"(max-width: 1024px) 100vw, 1024px\" \/><\/div><\/a>\n\t\t\t\t<div class=\"elementor-post__text\">\n\t\t\t\t<h3 class=\"elementor-post__title\">\n\t\t\t<a href=\"https:\/\/votech.com\/de\/blog\/sackpalettierer-kapazitaet-layout\/\" >\n\t\t\t\tDie richtige Sackpalettiermaschine w\u00e4hlen: Kapazit\u00e4t, Layout und Produktstabilit\u00e4t\t\t\t<\/a>\n\t\t<\/h3>\n\t\t\t\t<div class=\"elementor-post__excerpt\">\n\t\t\t<p>Ihre Produktionslinie l\u00e4uft auf Hochtouren, aber am Ende entsteht ein erheblicher Engpass. Das manuelle Stapeln schwerer S\u00e4cke kostet viel Zeit und f\u00fchrt zu k\u00f6rperlichen Beschwerden.<\/p>\n\t\t<\/div>\n\t\t\n\t\t<a class=\"elementor-post__read-more\" href=\"https:\/\/votech.com\/de\/blog\/sackpalettierer-kapazitaet-layout\/\" aria-label=\"Read more about Die richtige Sackpalettiermaschine w\u00e4hlen: Kapazit\u00e4t, Layout und Produktstabilit\u00e4t\" tabindex=\"-1\" >\n\t\t\tRead More \u00bb\t\t<\/a>\n\n\t\t\t\t<\/div>\n\t\t\t\t<div class=\"elementor-post__meta-data\">\n\t\t\t\t\t<span class=\"elementor-post-date\">\n\t\t\tM\u00e4rz 19, 2026\t\t<\/span>\n\t\t\t\t<span class=\"elementor-post-avatar\">\n\t\t\tKeine Kommentare\t\t<\/span>\n\t\t\t\t<\/div>\n\t\t\t\t\t<\/div>\n\t\t<\/article>\n\t\t\t\t<\/div>\n\t\t\n\t\t\t\t\t\t<\/div>\n\t\t\t\t<\/div>\n\t\t\t\t\t<\/div>\n\t\t\t\t<\/div>\n\t\t<div class=\"elementor-element elementor-element-def7021 e-flex e-con-boxed e-con e-parent\" data-id=\"def7021\" data-element_type=\"container\" data-e-type=\"container\">\n\t\t\t\t\t<div class=\"e-con-inner\">\n\t\t\t\t<div class=\"elementor-element elementor-element-fb9b003 elementor-widget elementor-widget-spacer\" data-id=\"fb9b003\" data-element_type=\"widget\" data-e-type=\"widget\" data-widget_type=\"spacer.default\">\n\t\t\t\t<div class=\"elementor-widget-container\">\n\t\t\t\t\t\t\t<div class=\"elementor-spacer\">\n\t\t\t<div class=\"elementor-spacer-inner\"><\/div>\n\t\t<\/div>\n\t\t\t\t\t\t<\/div>\n\t\t\t\t<\/div>\n\t\t\t\t\t<\/div>\n\t\t\t\t<\/div>\n\t\t\t\t<\/div>\n\t\t","protected":false},"excerpt":{"rendered":"<p>Blog<\/p>\n","protected":false},"author":9,"featured_media":0,"parent":0,"menu_order":2,"comment_status":"closed","ping_status":"closed","template":"elementor_header_footer","meta":{"_acf_changed":false,"inline_featured_image":false,"footnotes":""},"class_list":["post-35835","page","type-page","status-publish","hentry"],"acf":[],"yoast_head":"<!-- This site is optimized with the Yoast SEO plugin v27.2 - https:\/\/yoast.com\/product\/yoast-seo-wordpress\/ -->\n<title>Blog | Votech<\/title>\n<meta name=\"robots\" content=\"index, follow, max-snippet:-1, max-image-preview:large, max-video-preview:-1\" \/>\n<link rel=\"canonical\" href=\"https:\/\/votech.com\/de\/blog\/\" \/>\n<meta property=\"og:locale\" content=\"de_DE\" \/>\n<meta property=\"og:type\" content=\"article\" \/>\n<meta property=\"og:title\" content=\"Blog | Votech\" \/>\n<meta property=\"og:description\" content=\"Blog\" \/>\n<meta property=\"og:url\" content=\"https:\/\/votech.com\/de\/blog\/\" \/>\n<meta property=\"og:site_name\" content=\"Votech\" \/>\n<meta property=\"article:modified_time\" content=\"2026-04-01T07:23:39+00:00\" \/>\n<meta name=\"twitter:card\" content=\"summary_large_image\" \/>\n<meta name=\"twitter:label1\" content=\"Gesch\u00e4tzte Lesezeit\" \/>\n\t<meta name=\"twitter:data1\" content=\"1\u00a0Minute\" \/>\n<script type=\"application\/ld+json\" class=\"yoast-schema-graph\">{\"@context\":\"https:\/\/schema.org\",\"@graph\":[{\"@type\":\"WebPage\",\"@id\":\"https:\/\/votech.com\/de\/blog\/\",\"url\":\"https:\/\/votech.com\/de\/blog\/\",\"name\":\"Blog | Votech\",\"isPartOf\":{\"@id\":\"https:\/\/votech.com\/de\/#website\"},\"datePublished\":\"2026-03-30T08:18:52+00:00\",\"dateModified\":\"2026-04-01T07:23:39+00:00\",\"breadcrumb\":{\"@id\":\"https:\/\/votech.com\/de\/blog\/#breadcrumb\"},\"inLanguage\":\"de\",\"potentialAction\":[{\"@type\":\"ReadAction\",\"target\":[\"https:\/\/votech.com\/de\/blog\/\"]}]},{\"@type\":\"BreadcrumbList\",\"@id\":\"https:\/\/votech.com\/de\/blog\/#breadcrumb\",\"itemListElement\":[{\"@type\":\"ListItem\",\"position\":1,\"name\":\"Home\",\"item\":\"https:\/\/votech.com\/de\/\"},{\"@type\":\"ListItem\",\"position\":2,\"name\":\"Blog\"}]},{\"@type\":\"WebSite\",\"@id\":\"https:\/\/votech.com\/de\/#website\",\"url\":\"https:\/\/votech.com\/de\/\",\"name\":\"Votech\",\"description\":\"A Duravant company\",\"potentialAction\":[{\"@type\":\"SearchAction\",\"target\":{\"@type\":\"EntryPoint\",\"urlTemplate\":\"https:\/\/votech.com\/de\/?s={search_term_string}\"},\"query-input\":{\"@type\":\"PropertyValueSpecification\",\"valueRequired\":true,\"valueName\":\"search_term_string\"}}],\"inLanguage\":\"de\"}]}<\/script>\n<!-- \/ Yoast SEO plugin. -->","yoast_head_json":{"title":"Blog | Votech","robots":{"index":"index","follow":"follow","max-snippet":"max-snippet:-1","max-image-preview":"max-image-preview:large","max-video-preview":"max-video-preview:-1"},"canonical":"https:\/\/votech.com\/de\/blog\/","og_locale":"de_DE","og_type":"article","og_title":"Blog | Votech","og_description":"Blog","og_url":"https:\/\/votech.com\/de\/blog\/","og_site_name":"Votech","article_modified_time":"2026-04-01T07:23:39+00:00","twitter_card":"summary_large_image","twitter_misc":{"Gesch\u00e4tzte Lesezeit":"1\u00a0Minute"},"schema":{"@context":"https:\/\/schema.org","@graph":[{"@type":"WebPage","@id":"https:\/\/votech.com\/de\/blog\/","url":"https:\/\/votech.com\/de\/blog\/","name":"Blog | Votech","isPartOf":{"@id":"https:\/\/votech.com\/de\/#website"},"datePublished":"2026-03-30T08:18:52+00:00","dateModified":"2026-04-01T07:23:39+00:00","breadcrumb":{"@id":"https:\/\/votech.com\/de\/blog\/#breadcrumb"},"inLanguage":"de","potentialAction":[{"@type":"ReadAction","target":["https:\/\/votech.com\/de\/blog\/"]}]},{"@type":"BreadcrumbList","@id":"https:\/\/votech.com\/de\/blog\/#breadcrumb","itemListElement":[{"@type":"ListItem","position":1,"name":"Home","item":"https:\/\/votech.com\/de\/"},{"@type":"ListItem","position":2,"name":"Blog"}]},{"@type":"WebSite","@id":"https:\/\/votech.com\/de\/#website","url":"https:\/\/votech.com\/de\/","name":"Votech","description":"A Duravant company","potentialAction":[{"@type":"SearchAction","target":{"@type":"EntryPoint","urlTemplate":"https:\/\/votech.com\/de\/?s={search_term_string}"},"query-input":{"@type":"PropertyValueSpecification","valueRequired":true,"valueName":"search_term_string"}}],"inLanguage":"de"}]}},"_links":{"self":[{"href":"https:\/\/votech.com\/de\/wp-json\/wp\/v2\/pages\/35835","targetHints":{"allow":["GET"]}}],"collection":[{"href":"https:\/\/votech.com\/de\/wp-json\/wp\/v2\/pages"}],"about":[{"href":"https:\/\/votech.com\/de\/wp-json\/wp\/v2\/types\/page"}],"author":[{"embeddable":true,"href":"https:\/\/votech.com\/de\/wp-json\/wp\/v2\/users\/9"}],"replies":[{"embeddable":true,"href":"https:\/\/votech.com\/de\/wp-json\/wp\/v2\/comments?post=35835"}],"version-history":[{"count":6,"href":"https:\/\/votech.com\/de\/wp-json\/wp\/v2\/pages\/35835\/revisions"}],"predecessor-version":[{"id":35887,"href":"https:\/\/votech.com\/de\/wp-json\/wp\/v2\/pages\/35835\/revisions\/35887"}],"wp:attachment":[{"href":"https:\/\/votech.com\/de\/wp-json\/wp\/v2\/media?parent=35835"}],"curies":[{"name":"wp","href":"https:\/\/api.w.org\/{rel}","templated":true}]}}