{"id":2698,"date":"2018-07-30T13:44:57","date_gmt":"2018-07-30T13:44:57","guid":{"rendered":"https:\/\/votech.com\/site-map\/"},"modified":"2025-12-09T09:49:11","modified_gmt":"2025-12-09T09:49:11","slug":"site-map","status":"publish","type":"page","link":"https:\/\/votech.com\/de\/site-map\/","title":{"rendered":"Seitenverzeichnis"},"content":{"rendered":"<div><div class=\"wsp-container\"><h2 class=\"wsp-pages-title\">Seiten<\/h2>\n<ul class=\"wsp-pages-list\">\n<li class=\"page_item page-item-35835\"><a href=\"https:\/\/votech.com\/de\/blog\/\">Blog<\/a><\/li>\n<li class=\"page_item page-item-26249\"><a href=\"https:\/\/votech.com\/de\/angebot-anfordern\/\">Angebot anfordern<\/a><\/li>\n<li class=\"page_item page-item-26054\"><a href=\"https:\/\/votech.com\/de\/kontakt\/\">Contact<\/a><\/li>\n<li class=\"page_item page-item-28858\"><a href=\"https:\/\/votech.com\/de\/broschuere-anfordern\/\">Brosch\u00fcre anfordern<\/a><\/li>\n<li class=\"page_item page-item-28782\"><a href=\"https:\/\/votech.com\/de\/demo-anfordern\/\">Demo anfordern<\/a><\/li>\n<li class=\"page_item page-item-27981 page_item_has_children\"><a href=\"https:\/\/votech.com\/de\/haubenstretcher\/\">Haubenstretcher<\/a>\n<ul class='children'>\n\t<li class=\"page_item page-item-28632\"><a href=\"https:\/\/votech.com\/de\/haubenstretchmaschines\/haubenstretchmaschine-vsh\/\">Haubenstretchmaschine<\/a><\/li>\n\t<li class=\"page_item page-item-28639\"><a href=\"https:\/\/votech.com\/de\/haubenstretchmaschines\/palettenwickler\/\">Palettenwickler<\/a><\/li>\n<\/ul>\n<\/li>\n<li class=\"page_item page-item-28041\"><a href=\"https:\/\/votech.com\/de\/abfullmaschines\/halbautomatische-abfullmaschine-vlr-h\/\">Halbautomatische Abf\u00fcllmaschine VLR-H<\/a><\/li>\n<li class=\"page_item page-item-27986 page_item_has_children\"><a href=\"https:\/\/votech.com\/de\/transportsysteme\/\">Transportsysteme<\/a>\n<ul class='children'>\n\t<li class=\"page_item page-item-28652\"><a href=\"https:\/\/votech.com\/de\/transportsysteme\/palettentransport\/\">Palettentransport<\/a><\/li>\n\t<li class=\"page_item page-item-28644\"><a href=\"https:\/\/votech.com\/de\/foerdertechnik-fuer-saecke\/\">F\u00f6rdertechnik f\u00fcr S\u00e4cke<\/a><\/li>\n<\/ul>\n<\/li>\n<li class=\"page_item page-item-27996 page_item_has_children\"><a href=\"https:\/\/votech.com\/de\/sackzunaehmaschinen\/\">Sackzun\u00e4hmaschinen<\/a>\n<ul class='children'>\n\t<li class=\"page_item page-item-28668\"><a href=\"https:\/\/votech.com\/de\/sackzunaehmaschinen\/f-tragbare-naehmaschine\/\">F Tragbare N\u00e4hmaschine<\/a><\/li>\n\t<li class=\"page_item page-item-28658\"><a href=\"https:\/\/votech.com\/de\/sackzunaehmaschinen\/industrielle-naehsysteme\/\">Industrielle N\u00e4hsysteme<\/a><\/li>\n\t<li class=\"page_item page-item-28663\"><a href=\"https:\/\/votech.com\/de\/sackzunaehmaschinen\/industrielle-naehkopfe\/\">Industrielle N\u00e4hk\u00f6pfe<\/a><\/li>\n<\/ul>\n<\/li>\n<li class=\"page_item page-item-27973 page_item_has_children\"><a href=\"https:\/\/votech.com\/de\/palettierung\/\">Palettierung<\/a>\n<ul class='children'>\n\t<li class=\"page_item page-item-28071\"><a href=\"https:\/\/votech.com\/de\/pallettiermaschines\/palettierer-vpc\/\">Palettierer VPC<\/a><\/li>\n\t<li class=\"page_item page-item-28076\"><a href=\"https:\/\/votech.com\/de\/pallettiermaschines\/palettierer-vpg\/\">Palettierer VPG<\/a><\/li>\n\t<li class=\"page_item page-item-28081\"><a href=\"https:\/\/votech.com\/de\/palettiermaschines\/roboter-palettierer\/\">Roboter-Palettierer<\/a><\/li>\n\t<li class=\"page_item page-item-28066\"><a href=\"https:\/\/votech.com\/de\/pallettiermaschines\/palettierer-vpb\/\">Palettierer VPB<\/a><\/li>\n<\/ul>\n<\/li>\n<li class=\"page_item page-item-27965 page_item_has_children\"><a href=\"https:\/\/votech.com\/de\/abfuellmaschinen\/\">Abf\u00fcllmaschinen<\/a>\n<ul class='children'>\n\t<li class=\"page_item page-item-28032\"><a href=\"https:\/\/votech.com\/de\/abfullmaschines\/abfullmaschine-vba\/\">Abf\u00fcllmaschine VBA<\/a><\/li>\n\t<li class=\"page_item page-item-28026\"><a href=\"https:\/\/votech.com\/de\/abfuellmaschines\/abfullmaschine-vla\/\">Abf\u00fcllmaschine VLA<\/a><\/li>\n\t<li class=\"page_item page-item-28049\"><a href=\"https:\/\/votech.com\/de\/abfullmaschines\/big-bag-abfullmaschine-fibc\/\">Big Bag Abf\u00fcllmaschine (FIBC)<\/a><\/li>\n\t<li class=\"page_item page-item-28054\"><a href=\"https:\/\/votech.com\/de\/abfullmaschines\/abfullmaschine-fur-kartons\/\">Abf\u00fcllmaschine f\u00fcr Kartons<\/a><\/li>\n\t<li class=\"page_item page-item-28036\"><a href=\"https:\/\/votech.com\/de\/abfullmaschines\/vertikale-form-full-schweissmaschine-vffs\/\">Vertikale Form-F\u00fcll-Schwei\u00dfmaschine VFFS<\/a><\/li>\n\t<li class=\"page_item page-item-28021\"><a href=\"https:\/\/votech.com\/de\/abfullmaschines\/abfullmaschine-vlr-b\/\">Abf\u00fcllmaschine VLR-B<\/a><\/li>\n\t<li class=\"page_item page-item-28016\"><a href=\"https:\/\/votech.com\/de\/abfullmaschines\/abfullmaschine-vlr\/\">Abf\u00fcllmaschine VLR<\/a><\/li>\n<\/ul>\n<\/li>\n<li class=\"page_item page-item-28001 page_item_has_children\"><a href=\"https:\/\/votech.com\/de\/schweissmaschinen\/\">Schwei\u00dfmaschinen<\/a>\n<ul class='children'>\n\t<li class=\"page_item page-item-28693\"><a href=\"https:\/\/votech.com\/de\/schweissmaschinen\/tos-3000-sw\/\">TOS 3000-SW<\/a><\/li>\n\t<li class=\"page_item page-item-28683\"><a href=\"https:\/\/votech.com\/de\/schweissmaschinen\/saxon-strahlende-versiegeler\/\">Saxon Strahlende Versiegeler<\/a><\/li>\n\t<li class=\"page_item page-item-28678\"><a href=\"https:\/\/votech.com\/de\/schweissmaschinen\/saxon-siegelmaschine\/\">Saxon Siegelmaschine<\/a><\/li>\n\t<li class=\"page_item page-item-28673\"><a href=\"https:\/\/votech.com\/de\/schweissmaschinen\/saxon-heissluftschweissmaschine\/\">Saxon Hei\u00dfluftschwei\u00dfmaschine<\/a><\/li>\n\t<li class=\"page_item page-item-28688\"><a href=\"https:\/\/votech.com\/de\/schweissmaschinen\/tos-3000-sl\/\">TOS 3000-SL<\/a><\/li>\n<\/ul>\n<\/li>\n<li class=\"page_item page-item-28007 page_item_has_children\"><a href=\"https:\/\/votech.com\/de\/sackverschliessmaschinen\/\">Sackverschlie\u00dfmaschinen<\/a>\n<ul class='children'>\n\t<li class=\"page_item page-item-28704\"><a href=\"https:\/\/votech.com\/de\/sackverschliessmaschinen\/pils-300-330\/\">PILS 300 und 330<\/a><\/li>\n\t<li class=\"page_item page-item-28709\"><a href=\"https:\/\/votech.com\/de\/sackverschliessmaschinen\/drc-300\/\">DRC 300<\/a><\/li>\n\t<li class=\"page_item page-item-28698\"><a href=\"https:\/\/votech.com\/de\/sackverschliessmaschinen\/pbc-6000-pbc-8000\/\">PBC 6000 \/ PBC 8000<\/a><\/li>\n<\/ul>\n<\/li>\n<li class=\"page_item page-item-13928\"><a href=\"https:\/\/votech.com\/de\/sacktypen\/\">Sacktypen und -materialien<\/a><\/li>\n<li class=\"page_item page-item-6866\"><a href=\"https:\/\/votech.com\/de\/events-2\/\">Veranstaltungen<\/a><\/li>\n<li class=\"page_item page-item-6542\"><a href=\"https:\/\/votech.com\/de\/anschlussfaehigkeit\/\">Anschlussf\u00e4higkeit<\/a><\/li>\n<li class=\"page_item page-item-6519\"><a href=\"https:\/\/votech.com\/de\/produktivitaet\/\">Produktivit\u00e4t<\/a><\/li>\n<li class=\"page_item page-item-6488\"><a href=\"https:\/\/votech.com\/de\/service\/\">Service<\/a><\/li>\n<li class=\"page_item page-item-6456\"><a href=\"https:\/\/votech.com\/de\/teile\/\">Teile<\/a><\/li>\n<li class=\"page_item page-item-6435\"><a href=\"https:\/\/votech.com\/de\/lebenszyklus-dienste\/\">Lebenszyklus-Dienste<\/a><\/li>\n<li class=\"page_item page-item-5693\"><a href=\"https:\/\/votech.com\/de\/consumables\/\">Verbrauchsmaterialien<\/a><\/li>\n<li class=\"page_item page-item-5704\"><a href=\"https:\/\/votech.com\/de\/gebrauchte-maschinen\/\">Gebrauchte Maschinen<\/a><\/li>\n<li class=\"page_item page-item-5662\"><a href=\"https:\/\/votech.com\/de\/saxon-brand\/\">Saxon<\/a><\/li>\n<li class=\"page_item page-item-5652\"><a href=\"https:\/\/votech.com\/de\/fischbein-brand\/\">Fischbein<\/a><\/li>\n<li class=\"page_item page-item-5641\"><a href=\"https:\/\/votech.com\/de\/votech-brand\/\">Votech<\/a><\/li>\n<li class=\"page_item page-item-5630\"><a href=\"https:\/\/votech.com\/de\/brands\/\">Marken<\/a><\/li>\n<li class=\"page_item page-item-2291\"><a href=\"https:\/\/votech.com\/de\/\">Home<\/a><\/li>\n<li class=\"page_item page-item-2298\"><a href=\"https:\/\/votech.com\/de\/ausruestung\/\">Produkte<\/a><\/li>\n<li class=\"page_item page-item-2302 page_item_has_children\"><a href=\"https:\/\/votech.com\/de\/branchen\/\">M\u00e4rkte<\/a>\n<ul class='children'>\n\t<li class=\"page_item page-item-2312\"><a href=\"https:\/\/votech.com\/de\/branchen\/milchpulver\/\">Pulver<\/a><\/li>\n\t<li class=\"page_item page-item-2325\"><a href=\"https:\/\/votech.com\/de\/branchen\/haustier-futter\/\">Pet food<\/a><\/li>\n\t<li class=\"page_item page-item-2326\"><a href=\"https:\/\/votech.com\/de\/branchen\/tierfutter\/\">Tierfutter<\/a><\/li>\n\t<li class=\"page_item page-item-5831\"><a href=\"https:\/\/votech.com\/de\/branchen\/minerals\/\">Mineralien<\/a><\/li>\n\t<li class=\"page_item page-item-2387\"><a href=\"https:\/\/votech.com\/de\/industries\/landwirtschaft-kartoffeln\/\">Landwirtschaft<\/a><\/li>\n\t<li class=\"page_item page-item-2327\"><a href=\"https:\/\/votech.com\/de\/branchen\/saat\/\">Gartenbau<\/a><\/li>\n\t<li class=\"page_item page-item-2328\"><a href=\"https:\/\/votech.com\/de\/branchen\/duenger\/\">D\u00fcnger<\/a><\/li>\n<\/ul>\n<\/li>\n<li class=\"page_item page-item-2478 page_item_has_children\"><a href=\"https:\/\/votech.com\/de\/ueber-uns\/\">\u00dcber uns<\/a>\n<ul class='children'>\n\t<li class=\"page_item page-item-2636\"><a href=\"https:\/\/votech.com\/de\/uber-uns\/karriere\/\">Karriere<\/a><\/li>\n<\/ul>\n<\/li>\n<\/ul>\n<\/div><\/div>\r\n<div>\u00a0<\/div>","protected":false},"excerpt":{"rendered":"<p>\u00a0<\/p>\n","protected":false},"author":7,"featured_media":0,"parent":0,"menu_order":426,"comment_status":"closed","ping_status":"closed","template":"page--template_legal.php","meta":{"_acf_changed":false,"inline_featured_image":false,"footnotes":""},"class_list":["post-2698","page","type-page","status-publish","hentry"],"acf":[],"yoast_head":"<!-- This site is optimized with the Yoast SEO plugin v27.2 - https:\/\/yoast.com\/product\/yoast-seo-wordpress\/ -->\n<title>Seitenverzeichnis | Votech<\/title>\n<meta name=\"robots\" content=\"index, follow, max-snippet:-1, max-image-preview:large, max-video-preview:-1\" \/>\n<link rel=\"canonical\" href=\"https:\/\/votech.com\/de\/site-map\/\" \/>\n<meta property=\"og:locale\" content=\"de_DE\" \/>\n<meta property=\"og:type\" content=\"article\" \/>\n<meta property=\"og:title\" content=\"Seitenverzeichnis | Votech\" \/>\n<meta property=\"og:description\" content=\"\u00a0\" \/>\n<meta property=\"og:url\" content=\"https:\/\/votech.com\/de\/site-map\/\" \/>\n<meta property=\"og:site_name\" content=\"Votech\" \/>\n<meta property=\"article:modified_time\" content=\"2025-12-09T09:49:11+00:00\" \/>\n<meta name=\"twitter:card\" content=\"summary_large_image\" \/>\n<meta name=\"twitter:label1\" content=\"Gesch\u00e4tzte Lesezeit\" \/>\n\t<meta name=\"twitter:data1\" content=\"1\u00a0Minute\" \/>\n<script type=\"application\/ld+json\" class=\"yoast-schema-graph\">{\"@context\":\"https:\/\/schema.org\",\"@graph\":[{\"@type\":\"WebPage\",\"@id\":\"https:\/\/votech.com\/de\/site-map\/\",\"url\":\"https:\/\/votech.com\/de\/site-map\/\",\"name\":\"Seitenverzeichnis | Votech\",\"isPartOf\":{\"@id\":\"https:\/\/votech.com\/de\/#website\"},\"datePublished\":\"2018-07-30T13:44:57+00:00\",\"dateModified\":\"2025-12-09T09:49:11+00:00\",\"breadcrumb\":{\"@id\":\"https:\/\/votech.com\/de\/site-map\/#breadcrumb\"},\"inLanguage\":\"de\",\"potentialAction\":[{\"@type\":\"ReadAction\",\"target\":[\"https:\/\/votech.com\/de\/site-map\/\"]}]},{\"@type\":\"BreadcrumbList\",\"@id\":\"https:\/\/votech.com\/de\/site-map\/#breadcrumb\",\"itemListElement\":[{\"@type\":\"ListItem\",\"position\":1,\"name\":\"Home\",\"item\":\"https:\/\/votech.com\/de\/\"},{\"@type\":\"ListItem\",\"position\":2,\"name\":\"Seitenverzeichnis\"}]},{\"@type\":\"WebSite\",\"@id\":\"https:\/\/votech.com\/de\/#website\",\"url\":\"https:\/\/votech.com\/de\/\",\"name\":\"Votech\",\"description\":\"A Duravant company\",\"potentialAction\":[{\"@type\":\"SearchAction\",\"target\":{\"@type\":\"EntryPoint\",\"urlTemplate\":\"https:\/\/votech.com\/de\/?s={search_term_string}\"},\"query-input\":{\"@type\":\"PropertyValueSpecification\",\"valueRequired\":true,\"valueName\":\"search_term_string\"}}],\"inLanguage\":\"de\"}]}<\/script>\n<!-- \/ Yoast SEO plugin. -->","yoast_head_json":{"title":"Seitenverzeichnis | Votech","robots":{"index":"index","follow":"follow","max-snippet":"max-snippet:-1","max-image-preview":"max-image-preview:large","max-video-preview":"max-video-preview:-1"},"canonical":"https:\/\/votech.com\/de\/site-map\/","og_locale":"de_DE","og_type":"article","og_title":"Seitenverzeichnis | Votech","og_description":"\u00a0","og_url":"https:\/\/votech.com\/de\/site-map\/","og_site_name":"Votech","article_modified_time":"2025-12-09T09:49:11+00:00","twitter_card":"summary_large_image","twitter_misc":{"Gesch\u00e4tzte Lesezeit":"1\u00a0Minute"},"schema":{"@context":"https:\/\/schema.org","@graph":[{"@type":"WebPage","@id":"https:\/\/votech.com\/de\/site-map\/","url":"https:\/\/votech.com\/de\/site-map\/","name":"Seitenverzeichnis | Votech","isPartOf":{"@id":"https:\/\/votech.com\/de\/#website"},"datePublished":"2018-07-30T13:44:57+00:00","dateModified":"2025-12-09T09:49:11+00:00","breadcrumb":{"@id":"https:\/\/votech.com\/de\/site-map\/#breadcrumb"},"inLanguage":"de","potentialAction":[{"@type":"ReadAction","target":["https:\/\/votech.com\/de\/site-map\/"]}]},{"@type":"BreadcrumbList","@id":"https:\/\/votech.com\/de\/site-map\/#breadcrumb","itemListElement":[{"@type":"ListItem","position":1,"name":"Home","item":"https:\/\/votech.com\/de\/"},{"@type":"ListItem","position":2,"name":"Seitenverzeichnis"}]},{"@type":"WebSite","@id":"https:\/\/votech.com\/de\/#website","url":"https:\/\/votech.com\/de\/","name":"Votech","description":"A Duravant company","potentialAction":[{"@type":"SearchAction","target":{"@type":"EntryPoint","urlTemplate":"https:\/\/votech.com\/de\/?s={search_term_string}"},"query-input":{"@type":"PropertyValueSpecification","valueRequired":true,"valueName":"search_term_string"}}],"inLanguage":"de"}]}},"_links":{"self":[{"href":"https:\/\/votech.com\/de\/wp-json\/wp\/v2\/pages\/2698","targetHints":{"allow":["GET"]}}],"collection":[{"href":"https:\/\/votech.com\/de\/wp-json\/wp\/v2\/pages"}],"about":[{"href":"https:\/\/votech.com\/de\/wp-json\/wp\/v2\/types\/page"}],"author":[{"embeddable":true,"href":"https:\/\/votech.com\/de\/wp-json\/wp\/v2\/users\/7"}],"replies":[{"embeddable":true,"href":"https:\/\/votech.com\/de\/wp-json\/wp\/v2\/comments?post=2698"}],"version-history":[{"count":3,"href":"https:\/\/votech.com\/de\/wp-json\/wp\/v2\/pages\/2698\/revisions"}],"predecessor-version":[{"id":30237,"href":"https:\/\/votech.com\/de\/wp-json\/wp\/v2\/pages\/2698\/revisions\/30237"}],"wp:attachment":[{"href":"https:\/\/votech.com\/de\/wp-json\/wp\/v2\/media?parent=2698"}],"curies":[{"name":"wp","href":"https:\/\/api.w.org\/{rel}","templated":true}]}}