{"id":2387,"date":"2022-07-06T16:36:07","date_gmt":"2022-07-06T16:36:07","guid":{"rendered":"https:\/\/votech.com\/industries\/agriculture-potatoes\/"},"modified":"2025-12-12T14:02:50","modified_gmt":"2025-12-12T14:02:50","slug":"agriculture-potatoes","status":"publish","type":"page","link":"https:\/\/votech.com\/de\/industries\/landwirtschaft-kartoffeln\/","title":{"rendered":"Landwirtschaft"},"content":{"rendered":"","protected":false},"excerpt":{"rendered":"","protected":false},"author":7,"featured_media":0,"parent":2302,"menu_order":362,"comment_status":"closed","ping_status":"closed","template":"","meta":{"_acf_changed":false,"inline_featured_image":false,"footnotes":""},"class_list":["post-2387","page","type-page","status-publish","hentry"],"acf":[],"yoast_head":"<!-- This site is optimized with the Yoast SEO plugin v27.3 - https:\/\/yoast.com\/product\/yoast-seo-wordpress\/ -->\n<title>Votech | Kartoffel Verpackung \u2013 Sackbef\u00fcllung &amp; Handhabung<\/title>\n<meta name=\"description\" content=\"Erkunden Sie Votechs Verpackungsl\u00f6sungen f\u00fcr Kartoffeln \u2014 robuste Maschinen f\u00fcr F\u00fcllen, Verpacken und Transport, sicher und effizient f\u00fcr Kartoffeln.\" \/>\n<meta name=\"robots\" content=\"index, follow, max-snippet:-1, max-image-preview:large, max-video-preview:-1\" \/>\n<link rel=\"canonical\" href=\"https:\/\/votech.com\/de\/industries\/landwirtschaft-kartoffeln\/\" \/>\n<meta property=\"og:locale\" content=\"de_DE\" \/>\n<meta property=\"og:type\" content=\"article\" \/>\n<meta property=\"og:title\" content=\"Votech | Kartoffel Verpackung \u2013 Sackbef\u00fcllung &amp; Handhabung\" \/>\n<meta property=\"og:description\" content=\"Erkunden Sie Votechs Verpackungsl\u00f6sungen f\u00fcr Kartoffeln \u2014 robuste Maschinen f\u00fcr F\u00fcllen, Verpacken und Transport, sicher und effizient f\u00fcr Kartoffeln.\" \/>\n<meta property=\"og:url\" content=\"https:\/\/votech.com\/de\/industries\/landwirtschaft-kartoffeln\/\" \/>\n<meta property=\"og:site_name\" content=\"Votech\" \/>\n<meta property=\"article:modified_time\" content=\"2025-12-12T14:02:50+00:00\" \/>\n<meta name=\"twitter:card\" content=\"summary_large_image\" \/>\n<script type=\"application\/ld+json\" class=\"yoast-schema-graph\">{\"@context\":\"https:\\\/\\\/schema.org\",\"@graph\":[{\"@type\":\"WebPage\",\"@id\":\"https:\\\/\\\/votech.com\\\/de\\\/industries\\\/landwirtschaft-kartoffeln\\\/\",\"url\":\"https:\\\/\\\/votech.com\\\/de\\\/industries\\\/landwirtschaft-kartoffeln\\\/\",\"name\":\"Votech | Kartoffel Verpackung \u2013 Sackbef\u00fcllung & Handhabung\",\"isPartOf\":{\"@id\":\"https:\\\/\\\/votech.com\\\/de\\\/#website\"},\"datePublished\":\"2022-07-06T16:36:07+00:00\",\"dateModified\":\"2025-12-12T14:02:50+00:00\",\"description\":\"Erkunden Sie Votechs Verpackungsl\u00f6sungen f\u00fcr Kartoffeln \u2014 robuste Maschinen f\u00fcr F\u00fcllen, Verpacken und Transport, sicher und effizient f\u00fcr Kartoffeln.\",\"breadcrumb\":{\"@id\":\"https:\\\/\\\/votech.com\\\/de\\\/industries\\\/landwirtschaft-kartoffeln\\\/#breadcrumb\"},\"inLanguage\":\"de\",\"potentialAction\":[{\"@type\":\"ReadAction\",\"target\":[\"https:\\\/\\\/votech.com\\\/de\\\/industries\\\/landwirtschaft-kartoffeln\\\/\"]}]},{\"@type\":\"BreadcrumbList\",\"@id\":\"https:\\\/\\\/votech.com\\\/de\\\/industries\\\/landwirtschaft-kartoffeln\\\/#breadcrumb\",\"itemListElement\":[{\"@type\":\"ListItem\",\"position\":1,\"name\":\"Home\",\"item\":\"https:\\\/\\\/votech.com\\\/de\\\/\"},{\"@type\":\"ListItem\",\"position\":2,\"name\":\"M\u00e4rkte\",\"item\":\"https:\\\/\\\/votech.com\\\/de\\\/branchen\\\/\"},{\"@type\":\"ListItem\",\"position\":3,\"name\":\"Landwirtschaft\"}]},{\"@type\":\"WebSite\",\"@id\":\"https:\\\/\\\/votech.com\\\/de\\\/#website\",\"url\":\"https:\\\/\\\/votech.com\\\/de\\\/\",\"name\":\"Votech\",\"description\":\"A Duravant company\",\"potentialAction\":[{\"@type\":\"SearchAction\",\"target\":{\"@type\":\"EntryPoint\",\"urlTemplate\":\"https:\\\/\\\/votech.com\\\/de\\\/?s={search_term_string}\"},\"query-input\":{\"@type\":\"PropertyValueSpecification\",\"valueRequired\":true,\"valueName\":\"search_term_string\"}}],\"inLanguage\":\"de\"}]}<\/script>\n<!-- \/ Yoast SEO plugin. -->","yoast_head_json":{"title":"Votech | Kartoffel Verpackung \u2013 Sackbef\u00fcllung & Handhabung","description":"Erkunden Sie Votechs Verpackungsl\u00f6sungen f\u00fcr Kartoffeln \u2014 robuste Maschinen f\u00fcr F\u00fcllen, Verpacken und Transport, sicher und effizient f\u00fcr Kartoffeln.","robots":{"index":"index","follow":"follow","max-snippet":"max-snippet:-1","max-image-preview":"max-image-preview:large","max-video-preview":"max-video-preview:-1"},"canonical":"https:\/\/votech.com\/de\/industries\/landwirtschaft-kartoffeln\/","og_locale":"de_DE","og_type":"article","og_title":"Votech | Kartoffel Verpackung \u2013 Sackbef\u00fcllung & Handhabung","og_description":"Erkunden Sie Votechs Verpackungsl\u00f6sungen f\u00fcr Kartoffeln \u2014 robuste Maschinen f\u00fcr F\u00fcllen, Verpacken und Transport, sicher und effizient f\u00fcr Kartoffeln.","og_url":"https:\/\/votech.com\/de\/industries\/landwirtschaft-kartoffeln\/","og_site_name":"Votech","article_modified_time":"2025-12-12T14:02:50+00:00","twitter_card":"summary_large_image","schema":{"@context":"https:\/\/schema.org","@graph":[{"@type":"WebPage","@id":"https:\/\/votech.com\/de\/industries\/landwirtschaft-kartoffeln\/","url":"https:\/\/votech.com\/de\/industries\/landwirtschaft-kartoffeln\/","name":"Votech | Kartoffel Verpackung \u2013 Sackbef\u00fcllung & Handhabung","isPartOf":{"@id":"https:\/\/votech.com\/de\/#website"},"datePublished":"2022-07-06T16:36:07+00:00","dateModified":"2025-12-12T14:02:50+00:00","description":"Erkunden Sie Votechs Verpackungsl\u00f6sungen f\u00fcr Kartoffeln \u2014 robuste Maschinen f\u00fcr F\u00fcllen, Verpacken und Transport, sicher und effizient f\u00fcr Kartoffeln.","breadcrumb":{"@id":"https:\/\/votech.com\/de\/industries\/landwirtschaft-kartoffeln\/#breadcrumb"},"inLanguage":"de","potentialAction":[{"@type":"ReadAction","target":["https:\/\/votech.com\/de\/industries\/landwirtschaft-kartoffeln\/"]}]},{"@type":"BreadcrumbList","@id":"https:\/\/votech.com\/de\/industries\/landwirtschaft-kartoffeln\/#breadcrumb","itemListElement":[{"@type":"ListItem","position":1,"name":"Home","item":"https:\/\/votech.com\/de\/"},{"@type":"ListItem","position":2,"name":"M\u00e4rkte","item":"https:\/\/votech.com\/de\/branchen\/"},{"@type":"ListItem","position":3,"name":"Landwirtschaft"}]},{"@type":"WebSite","@id":"https:\/\/votech.com\/de\/#website","url":"https:\/\/votech.com\/de\/","name":"Votech","description":"A Duravant company","potentialAction":[{"@type":"SearchAction","target":{"@type":"EntryPoint","urlTemplate":"https:\/\/votech.com\/de\/?s={search_term_string}"},"query-input":{"@type":"PropertyValueSpecification","valueRequired":true,"valueName":"search_term_string"}}],"inLanguage":"de"}]}},"_links":{"self":[{"href":"https:\/\/votech.com\/de\/wp-json\/wp\/v2\/pages\/2387","targetHints":{"allow":["GET"]}}],"collection":[{"href":"https:\/\/votech.com\/de\/wp-json\/wp\/v2\/pages"}],"about":[{"href":"https:\/\/votech.com\/de\/wp-json\/wp\/v2\/types\/page"}],"author":[{"embeddable":true,"href":"https:\/\/votech.com\/de\/wp-json\/wp\/v2\/users\/7"}],"replies":[{"embeddable":true,"href":"https:\/\/votech.com\/de\/wp-json\/wp\/v2\/comments?post=2387"}],"version-history":[{"count":5,"href":"https:\/\/votech.com\/de\/wp-json\/wp\/v2\/pages\/2387\/revisions"}],"predecessor-version":[{"id":5881,"href":"https:\/\/votech.com\/de\/wp-json\/wp\/v2\/pages\/2387\/revisions\/5881"}],"up":[{"embeddable":true,"href":"https:\/\/votech.com\/de\/wp-json\/wp\/v2\/pages\/2302"}],"wp:attachment":[{"href":"https:\/\/votech.com\/de\/wp-json\/wp\/v2\/media?parent=2387"}],"curies":[{"name":"wp","href":"https:\/\/api.w.org\/{rel}","templated":true}]}}